{"id":119,"date":"2014-11-06T20:50:36","date_gmt":"2014-11-06T19:50:36","guid":{"rendered":"http:\/\/loswiebodzice.net\/webn\/?page_id=119"},"modified":"2025-09-25T13:16:19","modified_gmt":"2025-09-25T11:16:19","slug":"rada-rodzicow","status":"publish","type":"page","link":"https:\/\/loswiebodzice.net\/webn\/?page_id=119","title":{"rendered":"Rada rodzic\u00f3w"},"content":{"rendered":"<h3>Prezydium Rady Rodzic\u00f3w 2025\/2026<\/h3>\n<p>przewodnicz\u0105cy: Agata Kalafut<\/p>\n<p>z-ca przewodnicz\u0105cego: Tomasz Meges<\/p>\n<p>skarbnik: Ewa Hejnicka<\/p>\n<p>&nbsp;<\/p>\n<h3>Wp\u0142aty na Rad\u0119 Rodzic\u00f3w mo\u017cna dokonywa\u0107 na nr konta<\/h3>\n<p>Rada Rodzic\u00f3w LO \u015awiebodzice<\/p>\n<p>69 1090 2590 0000 0001 5131 0316<\/p>\n","protected":false},"excerpt":{"rendered":"<p>Prezydium Rady Rodzic\u00f3w 2025\/2026 przewodnicz\u0105cy: Agata Kalafut z-ca przewodnicz\u0105cego: Tomasz Meges skarbnik: Ewa Hejnicka &nbsp; Wp\u0142aty na Rad\u0119 Rodzic\u00f3w mo\u017cna dokonywa\u0107 na nr konta Rada Rodzic\u00f3w LO \u015awiebodzice 69 1090 2590 0000 0001 5131&#46;&#46;&#46;<\/p>\n","protected":false},"author":1,"featured_media":0,"parent":0,"menu_order":0,"comment_status":"closed","ping_status":"closed","template":"","meta":{"footnotes":"","_links_to":"","_links_to_target":""},"class_list":["post-119","page","type-page","status-publish","hentry"],"_links":{"self":[{"href":"https:\/\/loswiebodzice.net\/webn\/index.php?rest_route=\/wp\/v2\/pages\/119","targetHints":{"allow":["GET"]}}],"collection":[{"href":"https:\/\/loswiebodzice.net\/webn\/index.php?rest_route=\/wp\/v2\/pages"}],"about":[{"href":"https:\/\/loswiebodzice.net\/webn\/index.php?rest_route=\/wp\/v2\/types\/page"}],"author":[{"embeddable":true,"href":"https:\/\/loswiebodzice.net\/webn\/index.php?rest_route=\/wp\/v2\/users\/1"}],"replies":[{"embeddable":true,"href":"https:\/\/loswiebodzice.net\/webn\/index.php?rest_route=%2Fwp%2Fv2%2Fcomments&post=119"}],"version-history":[{"count":15,"href":"https:\/\/loswiebodzice.net\/webn\/index.php?rest_route=\/wp\/v2\/pages\/119\/revisions"}],"predecessor-version":[{"id":13175,"href":"https:\/\/loswiebodzice.net\/webn\/index.php?rest_route=\/wp\/v2\/pages\/119\/revisions\/13175"}],"wp:attachment":[{"href":"https:\/\/loswiebodzice.net\/webn\/index.php?rest_route=%2Fwp%2Fv2%2Fmedia&parent=119"}],"curies":[{"name":"wp","href":"https:\/\/api.w.org\/{rel}","templated":true}]}}