{"id":12694,"date":"2025-02-05T21:00:56","date_gmt":"2025-02-05T20:00:56","guid":{"rendered":"https:\/\/loswiebodzice.net\/webn\/?page_id=12694"},"modified":"2025-02-06T18:53:59","modified_gmt":"2025-02-06T17:53:59","slug":"sejmik-uczniowski","status":"publish","type":"page","link":"https:\/\/loswiebodzice.net\/webn\/?page_id=12694","title":{"rendered":"Sejmik Uczniowski"},"content":{"rendered":"<p style=\"text-align: center;\"><strong>Sk\u0142ad Sejmiku Uczniowskiego kadencji 2024\/2025<\/strong><\/p>\n<p style=\"text-align: center;\">przewodnicz\u0105ca: Marzena Regdosz<\/p>\n<p style=\"text-align: center;\">zast\u0119pca: Julia \u0141aba<\/p>\n<p style=\"text-align: center;\">skarbnik: Oliwia Pytlak<\/p>\n<p style=\"text-align: center;\">opiekun SU: Anna Ma\u015blach<\/p>\n","protected":false},"excerpt":{"rendered":"<p>Sk\u0142ad Sejmiku Uczniowskiego kadencji 2024\/2025 przewodnicz\u0105ca: Marzena Regdosz zast\u0119pca: Julia \u0141aba skarbnik: Oliwia Pytlak opiekun SU: Anna Ma\u015blach<\/p>\n","protected":false},"author":1,"featured_media":0,"parent":0,"menu_order":0,"comment_status":"closed","ping_status":"closed","template":"","meta":{"footnotes":"","_links_to":"","_links_to_target":""},"class_list":["post-12694","page","type-page","status-publish","hentry"],"_links":{"self":[{"href":"https:\/\/loswiebodzice.net\/webn\/index.php?rest_route=\/wp\/v2\/pages\/12694","targetHints":{"allow":["GET"]}}],"collection":[{"href":"https:\/\/loswiebodzice.net\/webn\/index.php?rest_route=\/wp\/v2\/pages"}],"about":[{"href":"https:\/\/loswiebodzice.net\/webn\/index.php?rest_route=\/wp\/v2\/types\/page"}],"author":[{"embeddable":true,"href":"https:\/\/loswiebodzice.net\/webn\/index.php?rest_route=\/wp\/v2\/users\/1"}],"replies":[{"embeddable":true,"href":"https:\/\/loswiebodzice.net\/webn\/index.php?rest_route=%2Fwp%2Fv2%2Fcomments&post=12694"}],"version-history":[{"count":2,"href":"https:\/\/loswiebodzice.net\/webn\/index.php?rest_route=\/wp\/v2\/pages\/12694\/revisions"}],"predecessor-version":[{"id":12704,"href":"https:\/\/loswiebodzice.net\/webn\/index.php?rest_route=\/wp\/v2\/pages\/12694\/revisions\/12704"}],"wp:attachment":[{"href":"https:\/\/loswiebodzice.net\/webn\/index.php?rest_route=%2Fwp%2Fv2%2Fmedia&parent=12694"}],"curies":[{"name":"wp","href":"https:\/\/api.w.org\/{rel}","templated":true}]}}