{"id":13110,"date":"2025-07-01T00:04:52","date_gmt":"2025-06-30T22:04:52","guid":{"rendered":"https:\/\/loswiebodzice.net\/webn\/?page_id=13110"},"modified":"2025-09-03T13:47:45","modified_gmt":"2025-09-03T11:47:45","slug":"logo-media","status":"publish","type":"page","link":"https:\/\/loswiebodzice.net\/webn\/?page_id=13110","title":{"rendered":"Logo i media"},"content":{"rendered":"<p>Poni\u017cej znajduj\u0105 si\u0119 pliki graficzne zawieraj\u0105ce logo szko\u0142y, elementy identyfikacji wizualnej oraz materia\u0142y promocyjne.<\/p>\n<p>Logo dost\u0119pne jest w formacie rastrowym i wektorowym. Jest to najnowsza obowi\u0105zuj\u0105ca wersja od 2023 roku.<\/p>\n<hr \/>\n<h2>Logo z napisem \u015awiebodzice<\/h2>\n<p>Podgl\u0105d:<\/p>\n<p><img loading=\"lazy\" decoding=\"async\" class=\"size-full wp-image-13122 alignleft\" src=\"https:\/\/loswiebodzice.net\/webn\/wp-content\/uploads\/2025\/09\/loswiebodzice_logo_2023_mini.png\" alt=\"\" width=\"229\" height=\"176\" \/><\/p>\n<p>&nbsp;<\/p>\n<p>&nbsp;<\/p>\n<p>&nbsp;<\/p>\n<p>&nbsp;<\/p>\n<p>&nbsp;<\/p>\n<p>Pobierz logo:<\/p>\n<p>Format rastrowy PNG z przezroczysto\u015bci\u0105: <a href=\"https:\/\/loswiebodzice.net\/webn\/logo\/swiebodzice\/loswiebodzice_logo_2023.png\">POBIERZ &gt;&gt;<\/a><\/p>\n<p>Format wektorowy SVG: <a href=\"https:\/\/loswiebodzice.net\/webn\/logo\/swiebodzice\/loswiebodzice_logo_2023.svg\">POBIERZ &gt;&gt;<\/a><\/p>\n<p>Format wektorowy w pliku PDF na stronie A4: <a href=\"https:\/\/loswiebodzice.net\/webn\/logo\/swiebodzice\/loswiebodzice_logo_2023.pdf\">POBIERZ &gt;&gt;<\/a><\/p>\n<hr \/>\n<h2>Logo bez napisu \u015awiebodzice<\/h2>\n<p>Podgl\u0105d:<\/p>\n<p><img loading=\"lazy\" decoding=\"async\" class=\"size-full wp-image-13124 alignleft\" src=\"https:\/\/loswiebodzice.net\/webn\/wp-content\/uploads\/2025\/09\/loswiebodzice_logo_2023_clean_mini.png\" alt=\"\" width=\"215\" height=\"176\" \/><\/p>\n<p>&nbsp;<\/p>\n<p>&nbsp;<\/p>\n<p>&nbsp;<\/p>\n<p>&nbsp;<\/p>\n<p>&nbsp;<\/p>\n<p>Pobierz logo:<\/p>\n<p>Format rastrowy PNG z przezroczysto\u015bci\u0105: <a href=\"https:\/\/loswiebodzice.net\/webn\/logo\/clean\/loswiebodzice_logo_2023_clean.png\">POBIERZ &gt;&gt;<\/a><\/p>\n<p>Format wektorowy SVG: <a href=\"https:\/\/loswiebodzice.net\/webn\/logo\/clean\/loswiebodzice_logo_2023_clean.svg\">POBIERZ &gt;&gt;<\/a><\/p>\n<hr \/>\n<h2>Logo z pe\u0142n\u0105 nazw\u0105 szko\u0142y<\/h2>\n<p>Podgl\u0105d:<\/p>\n<p><img loading=\"lazy\" decoding=\"async\" class=\"size-full wp-image-13125 alignleft\" src=\"https:\/\/loswiebodzice.net\/webn\/wp-content\/uploads\/2025\/09\/loswiebodzice_logo_2023_full_mini.png\" alt=\"\" width=\"400\" height=\"75\" srcset=\"https:\/\/loswiebodzice.net\/webn\/wp-content\/uploads\/2025\/09\/loswiebodzice_logo_2023_full_mini.png 400w, https:\/\/loswiebodzice.net\/webn\/wp-content\/uploads\/2025\/09\/loswiebodzice_logo_2023_full_mini-300x56.png 300w\" sizes=\"auto, (max-width: 400px) 100vw, 400px\" \/><\/p>\n<p>&nbsp;<\/p>\n<p>&nbsp;<\/p>\n<p>&nbsp;<\/p>\n<p>Pobierz logo:<\/p>\n<p>Format rastrowy PNG z przezroczysto\u015bci\u0105: <a href=\"https:\/\/loswiebodzice.net\/webn\/logo\/full\/loswiebodzice_logo_2023_full.png\">POBIERZ &gt;&gt;<\/a><\/p>\n","protected":false},"excerpt":{"rendered":"<p>Poni\u017cej znajduj\u0105 si\u0119 pliki graficzne zawieraj\u0105ce logo szko\u0142y, elementy identyfikacji wizualnej oraz materia\u0142y promocyjne. Logo dost\u0119pne jest w formacie rastrowym i wektorowym. Jest to najnowsza obowi\u0105zuj\u0105ca wersja od 2023 roku. Logo z napisem \u015awiebodzice&#46;&#46;&#46;<\/p>\n","protected":false},"author":1,"featured_media":0,"parent":0,"menu_order":0,"comment_status":"closed","ping_status":"closed","template":"","meta":{"footnotes":"","_links_to":"","_links_to_target":""},"class_list":["post-13110","page","type-page","status-publish","hentry"],"_links":{"self":[{"href":"https:\/\/loswiebodzice.net\/webn\/index.php?rest_route=\/wp\/v2\/pages\/13110","targetHints":{"allow":["GET"]}}],"collection":[{"href":"https:\/\/loswiebodzice.net\/webn\/index.php?rest_route=\/wp\/v2\/pages"}],"about":[{"href":"https:\/\/loswiebodzice.net\/webn\/index.php?rest_route=\/wp\/v2\/types\/page"}],"author":[{"embeddable":true,"href":"https:\/\/loswiebodzice.net\/webn\/index.php?rest_route=\/wp\/v2\/users\/1"}],"replies":[{"embeddable":true,"href":"https:\/\/loswiebodzice.net\/webn\/index.php?rest_route=%2Fwp%2Fv2%2Fcomments&post=13110"}],"version-history":[{"count":6,"href":"https:\/\/loswiebodzice.net\/webn\/index.php?rest_route=\/wp\/v2\/pages\/13110\/revisions"}],"predecessor-version":[{"id":13121,"href":"https:\/\/loswiebodzice.net\/webn\/index.php?rest_route=\/wp\/v2\/pages\/13110\/revisions\/13121"}],"wp:attachment":[{"href":"https:\/\/loswiebodzice.net\/webn\/index.php?rest_route=%2Fwp%2Fv2%2Fmedia&parent=13110"}],"curies":[{"name":"wp","href":"https:\/\/api.w.org\/{rel}","templated":true}]}}