{"id":49,"date":"2014-10-15T14:19:59","date_gmt":"2014-10-15T12:19:59","guid":{"rendered":"http:\/\/loswiebodzice.net\/webn\/?page_id=49"},"modified":"2025-09-25T12:56:58","modified_gmt":"2025-09-25T10:56:58","slug":"kadra","status":"publish","type":"page","link":"https:\/\/loswiebodzice.net\/webn\/?page_id=49","title":{"rendered":"Kadra"},"content":{"rendered":"<h4 style=\"text-align: center;\">mgr Dorota Cio\u0142ek<\/h4>\n<p style=\"text-align: center;\">dyrektor szko\u0142y<\/p>\n<h5>Agnieszka Boniecka<\/h5>\n<p>sekretariat<\/p>\n<h5>mgr Irena Horbaczewska<\/h5>\n<p>j\u0119zyk polski, j\u0119zyk rosyjski, filozofia<\/p>\n<h5>mgr Agnieszka Andruszk\u00f3w<\/h5>\n<p>j\u0119zyk angielski<\/p>\n<h5>mgr Urszula Zyska<\/h5>\n<p>j\u0119zyk angielski<\/p>\n<h5>mgr Gra\u017cyna Jasi\u0144ska<\/h5>\n<p>j\u0119zyk niemiecki<\/p>\n<h5>mgr Gra\u017cyna \u0141upkowska<\/h5>\n<p>j\u0119zyk francuski, pedagog<\/p>\n<h5>mgr Teresa S\u0142awi\u0144ska<\/h5>\n<p>edukacja obywatelska, biblioteka szkolna<\/p>\n<h5>mgr Mariusz Motak<\/h5>\n<p>historia<\/p>\n<h5>mgr Anna Ma\u015blach<\/h5>\n<p>matematyka<\/p>\n<h5>mgr Miros\u0142aw Zawada<\/h5>\n<p>matematyka, informatyka, fizyka<\/p>\n<h5>mgr Izabela Goc<\/h5>\n<p>fizyka<\/p>\n<h5>mgr Izabela Hola<\/h5>\n<p>biologia<\/p>\n<h5>mgr Miros\u0142aw Drza\u0142<\/h5>\n<p>chemia<\/p>\n<h5>mgr Violetta Motak<\/h5>\n<p>geografia<\/p>\n<h5>mgr Marek Or\u0142owski<\/h5>\n<p>wychowanie fizyczne, edukacja dla bezpiecze\u0144stwa<\/p>\n<h5>mgr Grzegorz Schabowski<\/h5>\n<p>wychowanie fizyczne<\/p>\n<h5>mgr Przemys\u0142aw Saty\u0142a<\/h5>\n<p>wychowanie fizyczne<\/p>\n<h5>ks. mgr Piotr Ocho\u0144ski<\/h5>\n<p>religia<\/p>\n<h5><strong>mgr Anna Broszczak<\/strong><\/h5>\n<p>j\u0119zyk angielski<\/p>\n<h5>mgr Ewa Wi\u015bniewska<\/h5>\n<p>j\u0119zyk polski, filozofia<\/p>\n<h5>mgr Anita Zawada<\/h5>\n<p>matematyka<\/p>\n<h5>Lidia Golasi\u0144ska<\/h5>\n<p>ksi\u0119gowo\u015b\u0107<\/p>\n<h5>mgr Weronika Stolarczyk<\/h5>\n<p>psycholog<\/p>\n<h5>mgr Milena Balwierz &#8211; Oliwa<\/h5>\n<p>pedagog specjalny<\/p>\n<h5>mgr Ludmi\u0142a Krawczyk<\/h5>\n<p>doradztwo zawodowe<\/p>\n","protected":false},"excerpt":{"rendered":"<p>mgr Dorota Cio\u0142ek dyrektor szko\u0142y Agnieszka Boniecka sekretariat mgr Irena Horbaczewska j\u0119zyk polski, j\u0119zyk rosyjski, filozofia mgr Agnieszka Andruszk\u00f3w j\u0119zyk angielski mgr Urszula Zyska j\u0119zyk angielski mgr Gra\u017cyna Jasi\u0144ska j\u0119zyk niemiecki mgr Gra\u017cyna \u0141upkowska&#46;&#46;&#46;<\/p>\n","protected":false},"author":1,"featured_media":0,"parent":0,"menu_order":0,"comment_status":"closed","ping_status":"closed","template":"","meta":{"footnotes":"","_links_to":"","_links_to_target":""},"class_list":["post-49","page","type-page","status-publish","hentry"],"_links":{"self":[{"href":"https:\/\/loswiebodzice.net\/webn\/index.php?rest_route=\/wp\/v2\/pages\/49","targetHints":{"allow":["GET"]}}],"collection":[{"href":"https:\/\/loswiebodzice.net\/webn\/index.php?rest_route=\/wp\/v2\/pages"}],"about":[{"href":"https:\/\/loswiebodzice.net\/webn\/index.php?rest_route=\/wp\/v2\/types\/page"}],"author":[{"embeddable":true,"href":"https:\/\/loswiebodzice.net\/webn\/index.php?rest_route=\/wp\/v2\/users\/1"}],"replies":[{"embeddable":true,"href":"https:\/\/loswiebodzice.net\/webn\/index.php?rest_route=%2Fwp%2Fv2%2Fcomments&post=49"}],"version-history":[{"count":30,"href":"https:\/\/loswiebodzice.net\/webn\/index.php?rest_route=\/wp\/v2\/pages\/49\/revisions"}],"predecessor-version":[{"id":13168,"href":"https:\/\/loswiebodzice.net\/webn\/index.php?rest_route=\/wp\/v2\/pages\/49\/revisions\/13168"}],"wp:attachment":[{"href":"https:\/\/loswiebodzice.net\/webn\/index.php?rest_route=%2Fwp%2Fv2%2Fmedia&parent=49"}],"curies":[{"name":"wp","href":"https:\/\/api.w.org\/{rel}","templated":true}]}}