{"id":4956,"date":"2017-09-27T10:54:30","date_gmt":"2017-09-27T08:54:30","guid":{"rendered":"http:\/\/loswiebodzice.net\/webn\/?page_id=4956"},"modified":"2025-09-17T07:59:37","modified_gmt":"2025-09-17T05:59:37","slug":"ubezpieczenie","status":"publish","type":"page","link":"https:\/\/loswiebodzice.net\/webn\/?page_id=4956","title":{"rendered":"Ubezpieczenie"},"content":{"rendered":"<p>Szanowni Rodzice w za\u0142\u0105cznikach s\u0105 informacje dotycz\u0105ce ubezpieczenia m\u0142odzie\u017cy w ZSO w \u015awiebodzicach. <strong>Sk\u0142adk\u0119 nale\u017cy op\u0142aci\u0107 do 3.10. 2025 r.<\/strong><\/p>\n<p><img decoding=\"async\" src=\"https:\/\/loswiebodzice.net\/webn\/wp-content\/plugins\/wp-downloadmanager\/images\/ext\/pdf.gif\" alt=\"\" title=\"\" style=\"vertical-align: middle;\" \/>&nbsp;&nbsp;<strong><a href=\"https:\/\/loswiebodzice.net\/webn\/?dl_id=329\">OBOWI\u0104ZEK INFORMACYJNY ADMINISTRATORA DANYCH OSOBOWYCH<\/a><\/strong> (608,3 KiB)<\/p>\n<p><img decoding=\"async\" src=\"https:\/\/loswiebodzice.net\/webn\/wp-content\/plugins\/wp-downloadmanager\/images\/ext\/pdf.gif\" alt=\"\" title=\"\" style=\"vertical-align: middle;\" \/>&nbsp;&nbsp;<strong><a href=\"https:\/\/loswiebodzice.net\/webn\/?dl_id=330\">Ubezpieczenie Compensa O\u015bwiata<\/a><\/strong> (1,4 MiB)<\/p>\n<p><img decoding=\"async\" src=\"https:\/\/loswiebodzice.net\/webn\/wp-content\/plugins\/wp-downloadmanager\/images\/ext\/pdf.gif\" alt=\"\" title=\"\" style=\"vertical-align: middle;\" \/>&nbsp;&nbsp;<strong><a href=\"https:\/\/loswiebodzice.net\/webn\/?dl_id=331\">Informacja dla rodzic\u00f3w - wykupienie polisy<\/a><\/strong> (447,6 KiB)<\/p>\n<p><img decoding=\"async\" src=\"https:\/\/loswiebodzice.net\/webn\/wp-content\/plugins\/wp-downloadmanager\/images\/ext\/pdf.gif\" alt=\"\" title=\"\" style=\"vertical-align: middle;\" \/>&nbsp;&nbsp;<strong><a href=\"https:\/\/loswiebodzice.net\/webn\/?dl_id=332\">Program ubezpieczenia Compensa O\u015bwiata<\/a><\/strong> (178,1 KiB)<\/p>\n<p>&nbsp;<\/p>\n<p>&nbsp;<\/p>\n","protected":false},"excerpt":{"rendered":"<p>Szanowni Rodzice w za\u0142\u0105cznikach s\u0105 informacje dotycz\u0105ce ubezpieczenia m\u0142odzie\u017cy w ZSO w \u015awiebodzicach. Sk\u0142adk\u0119 nale\u017cy op\u0142aci\u0107 do 3.10. 2025 r. &nbsp; &nbsp;<\/p>\n","protected":false},"author":2,"featured_media":0,"parent":0,"menu_order":0,"comment_status":"closed","ping_status":"closed","template":"","meta":{"footnotes":"","_links_to":"","_links_to_target":""},"class_list":["post-4956","page","type-page","status-publish","hentry"],"_links":{"self":[{"href":"https:\/\/loswiebodzice.net\/webn\/index.php?rest_route=\/wp\/v2\/pages\/4956","targetHints":{"allow":["GET"]}}],"collection":[{"href":"https:\/\/loswiebodzice.net\/webn\/index.php?rest_route=\/wp\/v2\/pages"}],"about":[{"href":"https:\/\/loswiebodzice.net\/webn\/index.php?rest_route=\/wp\/v2\/types\/page"}],"author":[{"embeddable":true,"href":"https:\/\/loswiebodzice.net\/webn\/index.php?rest_route=\/wp\/v2\/users\/2"}],"replies":[{"embeddable":true,"href":"https:\/\/loswiebodzice.net\/webn\/index.php?rest_route=%2Fwp%2Fv2%2Fcomments&post=4956"}],"version-history":[{"count":12,"href":"https:\/\/loswiebodzice.net\/webn\/index.php?rest_route=\/wp\/v2\/pages\/4956\/revisions"}],"predecessor-version":[{"id":13133,"href":"https:\/\/loswiebodzice.net\/webn\/index.php?rest_route=\/wp\/v2\/pages\/4956\/revisions\/13133"}],"wp:attachment":[{"href":"https:\/\/loswiebodzice.net\/webn\/index.php?rest_route=%2Fwp%2Fv2%2Fmedia&parent=4956"}],"curies":[{"name":"wp","href":"https:\/\/api.w.org\/{rel}","templated":true}]}}