{"id":6834,"date":"2019-09-03T19:59:13","date_gmt":"2019-09-03T17:59:13","guid":{"rendered":"https:\/\/loswiebodzice.net\/webn\/?page_id=6834"},"modified":"2025-11-11T11:54:59","modified_gmt":"2025-11-11T10:54:59","slug":"projekty-dofinansowane-z-funduszy-europejskich-realizowane-w-liceum-ogolnoksztalcacym-w-swiebodzicach","status":"publish","type":"page","link":"https:\/\/loswiebodzice.net\/webn\/?page_id=6834","title":{"rendered":"Projekty dofinansowane z Funduszy Europejskich realizowane w Liceum Og\u00f3lnokszta\u0142c\u0105cym w \u015awiebodzicach"},"content":{"rendered":"<hr \/>\n<p><img loading=\"lazy\" decoding=\"async\" class=\"aligncenter size-large wp-image-11480\" src=\"https:\/\/loswiebodzice.net\/webn\/wp-content\/uploads\/2024\/02\/FEDDS-kolor-poziom-1024x108.jpg\" alt=\"\" width=\"720\" height=\"76\" srcset=\"https:\/\/loswiebodzice.net\/webn\/wp-content\/uploads\/2024\/02\/FEDDS-kolor-poziom-1024x108.jpg 1024w, https:\/\/loswiebodzice.net\/webn\/wp-content\/uploads\/2024\/02\/FEDDS-kolor-poziom-300x32.jpg 300w, https:\/\/loswiebodzice.net\/webn\/wp-content\/uploads\/2024\/02\/FEDDS-kolor-poziom-768x81.jpg 768w, https:\/\/loswiebodzice.net\/webn\/wp-content\/uploads\/2024\/02\/FEDDS-kolor-poziom-1536x163.jpg 1536w, https:\/\/loswiebodzice.net\/webn\/wp-content\/uploads\/2024\/02\/FEDDS-kolor-poziom-2048x217.jpg 2048w\" sizes=\"auto, (max-width: 720px) 100vw, 720px\" \/><\/p>\n<p style=\"text-align: center;\"><strong>Mi\u0119dzypowiatowa droga do edukacyjnego sukcesu szk\u00f3\u0142 og\u00f3lnokszta\u0142c\u0105cych powiat\u00f3w dzier\u017coniowskiego, k\u0142odzkiego i \u015bwidnickiego, FEDS.09.03-IZ.00-0003\/23<\/strong><\/p>\n<p style=\"text-align: center;\"><a href=\"https:\/\/www.krzyzowa.pl\/pl\/projekty\/innowacje-dla-szkol\/4553-miedzypowiatowa-droga-do-edukacyjnego-sukcesu-szkol-ogolnoksztalcacych\">link do projektu<\/a><\/p>\n<p style=\"text-align: center;\"><a href=\"https:\/\/loswiebodzice.net\/webn\/wp-content\/uploads\/2024\/04\/Harmonogram-wsparcia-kwiecien-2024.xlsx\">Harmonogram wsparcia &#8211; kwiecie\u0144 2024<\/a> <a href=\"https:\/\/loswiebodzice.net\/webn\/wp-content\/uploads\/2024\/04\/Harmonogram-wsparcia-marzec-2024.xlsx\">Harmonogram wsparcia &#8211; marzec 2024<\/a> <a href=\"https:\/\/loswiebodzice.net\/webn\/wp-content\/uploads\/2024\/04\/Harmonogram-wsparcia-luty-2024.xlsx\">Harmonogram wsparcia &#8211; luty 2024<\/a> <a href=\"https:\/\/loswiebodzice.net\/webn\/wp-content\/uploads\/2025\/01\/Harmonogram-form-wsparcia-SwiebodzIce-styczen-2025.xlsx\">Harmonogram wsparcia &#8211; stycze\u0144 2025<\/a> <a href=\"https:\/\/loswiebodzice.net\/webn\/wp-content\/uploads\/2025\/05\/Harmonogram-form-wsparcia-SwiebodzIce-maj-2025.xlsx\">Harmonogram form wsparcia &#8211; maj 2025<\/a> <a href=\"https:\/\/loswiebodzice.net\/webn\/wp-content\/uploads\/2025\/10\/Harmonogram-form-wsparcia-LO-Swiebodzice-PAZDZIERNIK-2025.xlsx\">Harmonogram form wsparcia LO \u015awiebodzice PA\u0179DZIERNIK 2025<\/a> <a href=\"https:\/\/loswiebodzice.net\/webn\/wp-content\/uploads\/2025\/10\/Harmonogram-form-wsparcia-LO-Swiebodzice-WRZESIEN-2025.xlsx\">Harmonogram form wsparcia LO \u015awiebodzice WRZESIE\u0143 2025<\/a> <a href=\"https:\/\/loswiebodzice.net\/webn\/wp-content\/uploads\/2025\/11\/Harmonogram-form-wsparcia-LO-Swiebodzice-LISTOPAD-2025.xlsx\">Harmonogram form wsparcia LO \u015awiebodzice LISTOPAD 2025<\/a><\/p>\n<hr \/>\n<p><img loading=\"lazy\" decoding=\"async\" class=\"aligncenter wp-image-6836 size-full\" src=\"https:\/\/loswiebodzice.net\/webn\/wp-content\/uploads\/2019\/09\/ue_dofinansowano_wyposazenie.jpg\" alt=\"\" width=\"640\" height=\"75\" srcset=\"https:\/\/loswiebodzice.net\/webn\/wp-content\/uploads\/2019\/09\/ue_dofinansowano_wyposazenie.jpg 640w, https:\/\/loswiebodzice.net\/webn\/wp-content\/uploads\/2019\/09\/ue_dofinansowano_wyposazenie-300x35.jpg 300w\" sizes=\"auto, (max-width: 640px) 100vw, 640px\" \/><\/p>\n<p style=\"text-align: center;\"><strong>Wyposa\u017cenie w nowoczesny sprz\u0119t i materia\u0142y dydaktyczne pracowni matematyczno-przyrodniczych i cyfrowych w I Liceum Og\u00f3lnokszta\u0142c\u0105cym im. Jana Kasprowicza w \u015awidnicy, Zespole Szk\u00f3\u0142 Og\u00f3lnokszta\u0142c\u0105cych w \u015awidnicy, III Liceum Og\u00f3lnokszta\u0142c\u0105cym im. Marii Sk\u0142odowskiej-Curie w \u015awidnicy, Zespole Szk\u00f3\u0142 Og\u00f3lnokszta\u0142c\u0105cych im. Stefana \u017beromskiego w Strzegomiu oraz Zespole Szk\u00f3\u0142 Og\u00f3lnokszta\u0142c\u0105cych w \u015awiebodzicach<\/strong><\/p>\n<p style=\"text-align: center;\"><a href=\"https:\/\/www.powiat.swidnica.pl\/strony\/do_druku\/aktualnosci\/2016\/projekty_ue\/proj_ue_002.htm\">link do projektu<\/a><\/p>\n<hr \/>\n<p><a href=\"https:\/\/loswiebodzice.net\/webn\/wp-content\/uploads\/2019\/09\/ue_dofinansowano_prac_jezykowe.jpg\"><img loading=\"lazy\" decoding=\"async\" class=\"aligncenter size-large wp-image-6835\" src=\"https:\/\/loswiebodzice.net\/webn\/wp-content\/uploads\/2019\/09\/ue_dofinansowano_prac_jezykowe-1024x142.jpg\" alt=\"\" width=\"720\" height=\"100\" srcset=\"https:\/\/loswiebodzice.net\/webn\/wp-content\/uploads\/2019\/09\/ue_dofinansowano_prac_jezykowe-1024x142.jpg 1024w, https:\/\/loswiebodzice.net\/webn\/wp-content\/uploads\/2019\/09\/ue_dofinansowano_prac_jezykowe-300x42.jpg 300w, https:\/\/loswiebodzice.net\/webn\/wp-content\/uploads\/2019\/09\/ue_dofinansowano_prac_jezykowe-768x106.jpg 768w\" sizes=\"auto, (max-width: 720px) 100vw, 720px\" \/><\/a><\/p>\n<p style=\"text-align: center;\"><strong>Powiatowa droga do edukacyjnego sukcesu<\/strong><\/p>\n<p style=\"text-align: center;\"><a href=\"http:\/\/www.krzyzowa.org.pl\/pl\/dzialalnosc\/pozyskiwanie-funduszy\/innowacje-dla-szkol\/1335-powiatowa-droga-do-edukacyjnego-sukcesu\">link do projektu<\/a><\/p>\n<p style=\"text-align: center;\"><a href=\"https:\/\/loswiebodzice.net\/webn\/wp-content\/uploads\/2019\/11\/harmonogram_zajec_powiatowa_droga_do_sukcesu.pdf\" target=\"_blank\" rel=\"noopener noreferrer\">Harmonogram zaj\u0119\u0107<\/a><\/p>\n","protected":false},"excerpt":{"rendered":"<p>Mi\u0119dzypowiatowa droga do edukacyjnego sukcesu szk\u00f3\u0142 og\u00f3lnokszta\u0142c\u0105cych powiat\u00f3w dzier\u017coniowskiego, k\u0142odzkiego i \u015bwidnickiego, FEDS.09.03-IZ.00-0003\/23 link do projektu Harmonogram wsparcia &#8211; kwiecie\u0144 2024 Harmonogram wsparcia &#8211; marzec 2024 Harmonogram wsparcia &#8211; luty 2024 Harmonogram wsparcia &#8211;&#46;&#46;&#46;<\/p>\n","protected":false},"author":1,"featured_media":0,"parent":0,"menu_order":0,"comment_status":"closed","ping_status":"closed","template":"","meta":{"footnotes":"","_links_to":"","_links_to_target":""},"class_list":["post-6834","page","type-page","status-publish","hentry"],"_links":{"self":[{"href":"https:\/\/loswiebodzice.net\/webn\/index.php?rest_route=\/wp\/v2\/pages\/6834","targetHints":{"allow":["GET"]}}],"collection":[{"href":"https:\/\/loswiebodzice.net\/webn\/index.php?rest_route=\/wp\/v2\/pages"}],"about":[{"href":"https:\/\/loswiebodzice.net\/webn\/index.php?rest_route=\/wp\/v2\/types\/page"}],"author":[{"embeddable":true,"href":"https:\/\/loswiebodzice.net\/webn\/index.php?rest_route=\/wp\/v2\/users\/1"}],"replies":[{"embeddable":true,"href":"https:\/\/loswiebodzice.net\/webn\/index.php?rest_route=%2Fwp%2Fv2%2Fcomments&post=6834"}],"version-history":[{"count":11,"href":"https:\/\/loswiebodzice.net\/webn\/index.php?rest_route=\/wp\/v2\/pages\/6834\/revisions"}],"predecessor-version":[{"id":13215,"href":"https:\/\/loswiebodzice.net\/webn\/index.php?rest_route=\/wp\/v2\/pages\/6834\/revisions\/13215"}],"wp:attachment":[{"href":"https:\/\/loswiebodzice.net\/webn\/index.php?rest_route=%2Fwp%2Fv2%2Fmedia&parent=6834"}],"curies":[{"name":"wp","href":"https:\/\/api.w.org\/{rel}","templated":true}]}}