{"id":72,"date":"2014-10-19T00:25:04","date_gmt":"2014-10-18T22:25:04","guid":{"rendered":"http:\/\/loswiebodzice.net\/webn\/?page_id=72"},"modified":"2025-11-04T06:03:03","modified_gmt":"2025-11-04T05:03:03","slug":"pedagog-szkolny","status":"publish","type":"page","link":"https:\/\/loswiebodzice.net\/webn\/?page_id=72","title":{"rendered":"Pedagog szkolny, pedagog specjalny, psycholog szkolny"},"content":{"rendered":"<h5 align=\"center\">Godziny pracy pedagoga szkolnego (2025\/2026):<br \/>\nGra\u017cyna \u0141upkowska<\/h5>\n<table width=\"993\">\n<tbody>\n<tr>\n<td width=\"89\">l.p<\/td>\n<td width=\"192\">pn<\/td>\n<td width=\"186\">wt<\/td>\n<td width=\"176\">\u015br<\/td>\n<td width=\"176\">czw<\/td>\n<td width=\"176\">pt<\/td>\n<\/tr>\n<tr>\n<td width=\"89\">1.<\/p>\n<p>&nbsp;<\/td>\n<td width=\"192\">\n<p style=\"text-align: center;\"><em>Dy\u017cur pedagogiczny<\/em><\/p>\n<p style=\"text-align: center;\"><em>8.30\u00a0 &#8211; 9.45<\/em><\/p>\n<\/td>\n<td width=\"186\"><strong>4a<\/strong><\/td>\n<td width=\"176\"><strong>4b<\/strong><\/td>\n<td width=\"176\">\n<p style=\"text-align: center;\"><em>Dy\u017cur pedagogiczny<\/em><\/p>\n<p style=\"text-align: center;\"><em>8.00\u00a0 &#8211;\u00a0 10.00<\/em><\/p>\n<\/td>\n<td width=\"176\">&#8212;&#8212;&#8212;&#8212;&#8212;&#8211;<\/td>\n<\/tr>\n<tr>\n<td width=\"89\">2.<\/p>\n<p>&nbsp;<\/td>\n<td width=\"192\">\n<p style=\"text-align: center;\"><em>Dy\u017cur pedagogiczny<\/em><\/p>\n<p style=\"text-align: center;\"><em>8.30 \u00a0&#8211; 9.45<\/em><\/p>\n<\/td>\n<td width=\"186\"><strong>1ab<\/strong><\/td>\n<td width=\"176\">\n<p style=\"text-align: center;\"><em>Dy\u017cur pedagogiczny<\/em><\/p>\n<p style=\"text-align: center;\"><em>8.45\u00a0 &#8211;\u00a0 9.45<\/em><\/p>\n<\/td>\n<td width=\"176\">\n<p style=\"text-align: center;\"><em>Dy\u017cur pedagogiczny<\/em><\/p>\n<p style=\"text-align: center;\"><em>8.00\u00a0 &#8211;\u00a0 10.00<\/em><\/p>\n<p>&nbsp;<\/td>\n<td width=\"176\"><strong>4a<\/strong><\/td>\n<\/tr>\n<tr>\n<td width=\"89\">3.<\/p>\n<p>&nbsp;<\/td>\n<td width=\"192\"><strong>4c<\/strong><\/td>\n<td width=\"186\"><strong>1c<\/strong><\/td>\n<td width=\"176\"><strong>3b<\/strong><\/td>\n<td width=\"176\">&#8212;&#8212;&#8212;&#8212;&#8212;&#8211;<\/td>\n<td width=\"176\"><strong>1a<\/strong><\/td>\n<\/tr>\n<tr>\n<td width=\"89\">4.<\/p>\n<p>&nbsp;<\/td>\n<td width=\"192\">\n<p style=\"text-align: center;\"><em>Dy\u017cur pedagogiczny<\/em><\/p>\n<p style=\"text-align: center;\"><em>10.45 &#8211;\u00a0 13.30<\/em><\/p>\n<\/td>\n<td width=\"186\"><strong>3c<\/strong><\/td>\n<td width=\"176\"><strong>3a<\/strong><\/td>\n<td width=\"176\">&#8212;&#8212;&#8212;&#8212;&#8212;&#8211;<\/td>\n<td width=\"176\"><strong>3c<\/strong><\/td>\n<\/tr>\n<tr>\n<td width=\"89\">5.<\/p>\n<p>&nbsp;<\/td>\n<td width=\"192\">\n<p style=\"text-align: center;\"><em>Dy\u017cur pedagogiczny<\/em><\/p>\n<p style=\"text-align: center;\"><em>10.45\u00a0\u00a0 &#8211; 13.30<\/em><\/p>\n<\/td>\n<td width=\"186\"><strong>2ab<\/strong><\/td>\n<td width=\"176\"><strong>1c<\/strong><\/td>\n<td width=\"176\">&#8212;&#8212;&#8212;&#8212;&#8212;&#8211;<\/td>\n<td width=\"176\"><strong>3b<\/strong><\/td>\n<\/tr>\n<tr>\n<td width=\"89\">6.<\/p>\n<p>&nbsp;<\/td>\n<td width=\"192\">\n<p style=\"text-align: center;\"><em>Dy\u017cur pedagogiczny<\/em><\/p>\n<p style=\"text-align: center;\"><em>10.45 &#8211; 13.30<\/em><\/p>\n<\/td>\n<td width=\"186\">\n<p style=\"text-align: center;\"><em>Dy\u017cur pedagogiczny<\/em><\/p>\n<p style=\"text-align: center;\"><em>12.45\u00a0 &#8211;\u00a0 13.30<\/em><\/p>\n<\/td>\n<td width=\"176\">\n<p style=\"text-align: center;\"><em>Dy\u017cur pedagogiczny<\/em><\/p>\n<p style=\"text-align: center;\"><em>12.45\u00a0 &#8211;\u00a0 13.30<\/em><\/p>\n<\/td>\n<td width=\"176\">&#8212;&#8212;&#8212;&#8212;&#8212;&#8211;<\/td>\n<td width=\"176\"><strong>2a<\/strong><\/td>\n<\/tr>\n<tr>\n<td width=\"89\">7.<\/p>\n<p>&nbsp;<\/td>\n<td width=\"192\">&#8212;&#8212;&#8212;&#8212;&#8212;&#8211;<\/td>\n<td width=\"186\"><strong>4b<\/strong><\/td>\n<td width=\"176\"><strong>4c<\/strong><\/td>\n<td width=\"176\">&#8212;&#8212;&#8212;&#8212;&#8212;&#8211;<\/td>\n<td width=\"176\"><strong>3a<\/strong><\/td>\n<\/tr>\n<tr>\n<td width=\"89\">8.<\/p>\n<p>&nbsp;<\/td>\n<td width=\"192\">&#8212;&#8212;&#8212;&#8212;&#8212;&#8211;<\/td>\n<td width=\"186\">\n<p style=\"text-align: center;\"><em>Dy\u017cur pedagogiczny<\/em><\/p>\n<p style=\"text-align: center;\"><em>14.20\u00a0 &#8211;\u00a0 15.50<\/em><\/p>\n<\/td>\n<td width=\"176\">&#8212;&#8212;&#8212;&#8212;&#8212;&#8211;<\/td>\n<td width=\"176\">&#8212;&#8212;&#8212;&#8212;&#8212;&#8211;<\/td>\n<td width=\"176\">&#8212;&#8212;&#8212;&#8212;&#8212;&#8211;<\/td>\n<\/tr>\n<tr>\n<td width=\"89\">9.<\/p>\n<p>&nbsp;<\/td>\n<td width=\"192\"><\/td>\n<td width=\"186\">\n<p style=\"text-align: center;\"><em>Dy\u017cur pedagogiczny<\/em><\/p>\n<p style=\"text-align: center;\"><em>14.20\u00a0 &#8211;\u00a0 15.50<\/em><\/p>\n<\/td>\n<td width=\"176\"><\/td>\n<td width=\"176\"><\/td>\n<td width=\"176\"><\/td>\n<\/tr>\n<\/tbody>\n<\/table>\n<h5 align=\"center\">Godziny pracy pedagoga specjalnego (2024\/2025):<br \/>\nMilena Balwierz<\/h5>\n<table border=\"1\" cellspacing=\"0\" cellpadding=\"0\">\n<tbody>\n<tr>\n<td valign=\"top\" width=\"196\">\n<p align=\"center\">Dzie\u0144<\/p>\n<\/td>\n<td valign=\"top\" width=\"418\">\n<p align=\"center\">Godzina<\/p>\n<\/td>\n<\/tr>\n<tr>\n<td width=\"196\">\n<p align=\"center\">Poniedzia\u0142ek<\/p>\n<\/td>\n<td width=\"418\">\n<p align=\"center\">11.00 &#8211; 17.00<\/p>\n<\/td>\n<\/tr>\n<tr>\n<td width=\"196\">\n<p align=\"center\">Wtorek<\/p>\n<\/td>\n<td width=\"418\">\n<p align=\"center\">8.00 &#8211; 11.00<\/p>\n<\/td>\n<\/tr>\n<tr>\n<td width=\"196\">\n<p align=\"center\">\u015aroda<\/p>\n<\/td>\n<td width=\"418\">\n<p align=\"center\">8.00 &#8211; 9.00<\/p>\n<\/td>\n<\/tr>\n<tr>\n<td width=\"196\">\n<p align=\"center\">Czwartek<\/p>\n<\/td>\n<td width=\"418\">\n<p align=\"center\">9.00 &#8211; 12.00<\/p>\n<p align=\"center\">16.00 &#8211; 17.00<\/p>\n<\/td>\n<\/tr>\n<tr>\n<td width=\"196\">\n<p align=\"center\">Pi\u0105tek<\/p>\n<\/td>\n<td width=\"418\">\n<p align=\"center\">8.00 &#8211; 10.00<\/p>\n<\/td>\n<\/tr>\n<\/tbody>\n<\/table>\n<h5 align=\"center\">Godziny pracy psychologa szkolnego (2024\/2025):<br \/>\nWeronika Stolarczyk<\/h5>\n<table border=\"1\" cellspacing=\"0\" cellpadding=\"0\">\n<tbody>\n<tr>\n<td valign=\"top\" width=\"196\">\n<p align=\"center\">Dzie\u0144<\/p>\n<\/td>\n<td valign=\"top\" width=\"418\">\n<p align=\"center\">Godzina<\/p>\n<\/td>\n<\/tr>\n<tr>\n<td width=\"196\">\n<p align=\"center\">Poniedzia\u0142ek<\/p>\n<\/td>\n<td width=\"418\">\n<p align=\"center\">11.00 &#8211; 17.00<\/p>\n<\/td>\n<\/tr>\n<tr>\n<td width=\"196\">\n<p align=\"center\">Wtorek<\/p>\n<\/td>\n<td width=\"418\">\n<p align=\"center\">8.00 &#8211; 11.00<\/p>\n<\/td>\n<\/tr>\n<tr>\n<td width=\"196\">\n<p align=\"center\">\u015aroda<\/p>\n<\/td>\n<td width=\"418\">\n<p align=\"center\">8.00 &#8211; 10.00<\/p>\n<\/td>\n<\/tr>\n<tr>\n<td width=\"196\">\n<p align=\"center\">Czwartek<\/p>\n<\/td>\n<td width=\"418\">\n<p align=\"center\">8.00 &#8211; 11.00<\/p>\n<p align=\"center\">15.00 &#8211; 17.00<\/p>\n<\/td>\n<\/tr>\n<tr>\n<td width=\"196\">\n<p align=\"center\">Pi\u0105tek<\/p>\n<\/td>\n<td width=\"418\">\n<p align=\"center\">11.00 &#8211; 13.00<\/p>\n<\/td>\n<\/tr>\n<\/tbody>\n<\/table>\n<hr \/>\n<p>&nbsp;<\/p>\n","protected":false},"excerpt":{"rendered":"<p>Godziny pracy pedagoga szkolnego (2025\/2026): Gra\u017cyna \u0141upkowska l.p pn wt \u015br czw pt 1. &nbsp; Dy\u017cur pedagogiczny 8.30\u00a0 &#8211; 9.45 4a 4b Dy\u017cur pedagogiczny 8.00\u00a0 &#8211;\u00a0 10.00 &#8212;&#8212;&#8212;&#8212;&#8212;&#8211; 2. &nbsp; Dy\u017cur pedagogiczny 8.30 \u00a0&#8211;&#46;&#46;&#46;<\/p>\n","protected":false},"author":1,"featured_media":0,"parent":0,"menu_order":0,"comment_status":"closed","ping_status":"closed","template":"","meta":{"footnotes":"","_links_to":"","_links_to_target":""},"class_list":["post-72","page","type-page","status-publish","hentry"],"_links":{"self":[{"href":"https:\/\/loswiebodzice.net\/webn\/index.php?rest_route=\/wp\/v2\/pages\/72","targetHints":{"allow":["GET"]}}],"collection":[{"href":"https:\/\/loswiebodzice.net\/webn\/index.php?rest_route=\/wp\/v2\/pages"}],"about":[{"href":"https:\/\/loswiebodzice.net\/webn\/index.php?rest_route=\/wp\/v2\/types\/page"}],"author":[{"embeddable":true,"href":"https:\/\/loswiebodzice.net\/webn\/index.php?rest_route=\/wp\/v2\/users\/1"}],"replies":[{"embeddable":true,"href":"https:\/\/loswiebodzice.net\/webn\/index.php?rest_route=%2Fwp%2Fv2%2Fcomments&post=72"}],"version-history":[{"count":25,"href":"https:\/\/loswiebodzice.net\/webn\/index.php?rest_route=\/wp\/v2\/pages\/72\/revisions"}],"predecessor-version":[{"id":13212,"href":"https:\/\/loswiebodzice.net\/webn\/index.php?rest_route=\/wp\/v2\/pages\/72\/revisions\/13212"}],"wp:attachment":[{"href":"https:\/\/loswiebodzice.net\/webn\/index.php?rest_route=%2Fwp%2Fv2%2Fmedia&parent=72"}],"curies":[{"name":"wp","href":"https:\/\/api.w.org\/{rel}","templated":true}]}}