{"id":78,"date":"2014-10-19T00:29:42","date_gmt":"2014-10-18T22:29:42","guid":{"rendered":"http:\/\/loswiebodzice.net\/webn\/?page_id=78"},"modified":"2025-09-25T12:57:29","modified_gmt":"2025-09-25T10:57:29","slug":"gabinet-medyczny","status":"publish","type":"page","link":"https:\/\/loswiebodzice.net\/webn\/?page_id=78","title":{"rendered":"Gabinet medyczny"},"content":{"rendered":"<p style=\"text-align: center;\">PLAN PRACY PIEL\u0118GNIARKI SZKOLNEJ 2025\/2026<\/p>\n<p style=\"text-align: center;\">Piel\u0119gniarka: Janina W\u00f3jcik<\/p>\n<table border=\"1\" cellspacing=\"0\" cellpadding=\"0\">\n<tbody>\n<tr>\n<td valign=\"top\" width=\"196\">\n<p align=\"center\">Dzie\u0144<\/p>\n<\/td>\n<td valign=\"top\" width=\"418\">\n<p align=\"center\">Godzina<\/p>\n<\/td>\n<\/tr>\n<tr>\n<td width=\"196\">\n<p align=\"center\">Poniedzia\u0142ek<\/p>\n<\/td>\n<td width=\"418\">\n<p align=\"center\">8.00 &#8211; 16.00<\/p>\n<\/td>\n<\/tr>\n<tr>\n<td width=\"196\">\n<p align=\"center\">Wtorek<\/p>\n<\/td>\n<td width=\"418\">\n<p align=\"center\">&#8212;<\/p>\n<\/td>\n<\/tr>\n<tr>\n<td width=\"196\">\n<p align=\"center\">\u015aroda<\/p>\n<\/td>\n<td width=\"418\">\n<p align=\"center\">&#8212;<\/p>\n<\/td>\n<\/tr>\n<tr>\n<td width=\"196\">\n<p align=\"center\">Czwartek<\/p>\n<\/td>\n<td width=\"418\">\n<p align=\"center\">&#8212;<\/p>\n<\/td>\n<\/tr>\n<tr>\n<td width=\"196\">\n<p align=\"center\">Pi\u0105tek<\/p>\n<\/td>\n<td width=\"418\">\n<p align=\"center\">co drugi tydzie\u0144<\/p>\n<p align=\"center\">8.00 &#8211; 16.00<\/p>\n<\/td>\n<\/tr>\n<\/tbody>\n<\/table>\n","protected":false},"excerpt":{"rendered":"<p>PLAN PRACY PIEL\u0118GNIARKI SZKOLNEJ 2025\/2026 Piel\u0119gniarka: Janina W\u00f3jcik Dzie\u0144 Godzina Poniedzia\u0142ek 8.00 &#8211; 16.00 Wtorek &#8212; \u015aroda &#8212; Czwartek &#8212; Pi\u0105tek co drugi tydzie\u0144 8.00 &#8211; 16.00<\/p>\n","protected":false},"author":1,"featured_media":0,"parent":0,"menu_order":0,"comment_status":"closed","ping_status":"closed","template":"","meta":{"footnotes":"","_links_to":"","_links_to_target":""},"class_list":["post-78","page","type-page","status-publish","hentry"],"_links":{"self":[{"href":"https:\/\/loswiebodzice.net\/webn\/index.php?rest_route=\/wp\/v2\/pages\/78","targetHints":{"allow":["GET"]}}],"collection":[{"href":"https:\/\/loswiebodzice.net\/webn\/index.php?rest_route=\/wp\/v2\/pages"}],"about":[{"href":"https:\/\/loswiebodzice.net\/webn\/index.php?rest_route=\/wp\/v2\/types\/page"}],"author":[{"embeddable":true,"href":"https:\/\/loswiebodzice.net\/webn\/index.php?rest_route=\/wp\/v2\/users\/1"}],"replies":[{"embeddable":true,"href":"https:\/\/loswiebodzice.net\/webn\/index.php?rest_route=%2Fwp%2Fv2%2Fcomments&post=78"}],"version-history":[{"count":9,"href":"https:\/\/loswiebodzice.net\/webn\/index.php?rest_route=\/wp\/v2\/pages\/78\/revisions"}],"predecessor-version":[{"id":13170,"href":"https:\/\/loswiebodzice.net\/webn\/index.php?rest_route=\/wp\/v2\/pages\/78\/revisions\/13170"}],"wp:attachment":[{"href":"https:\/\/loswiebodzice.net\/webn\/index.php?rest_route=%2Fwp%2Fv2%2Fmedia&parent=78"}],"curies":[{"name":"wp","href":"https:\/\/api.w.org\/{rel}","templated":true}]}}