{"id":8847,"date":"2022-02-13T13:00:31","date_gmt":"2022-02-13T12:00:31","guid":{"rendered":"https:\/\/loswiebodzice.net\/webn\/?page_id=8847"},"modified":"2023-08-28T20:54:18","modified_gmt":"2023-08-28T18:54:18","slug":"deklaracja-dostepnosci","status":"publish","type":"page","link":"https:\/\/loswiebodzice.net\/webn\/?page_id=8847","title":{"rendered":"Deklaracja dost\u0119pno\u015bci"},"content":{"rendered":"<h3 id=\"a11y-deklaracja\">Deklaracja dost\u0119pno\u015bci Serwisu Internetowego Liceum Og\u00f3lnokszta\u0142c\u0105cego w \u015awiebodzicach<\/h3>\n<p id=\"a11y-wstep\"><span id=\"a11y-podmiot\">Liceum Og\u00f3lnokszta\u0142c\u0105ce w \u015awiebodzicach<\/span> zobowi\u0105zuje si\u0119 zapewni\u0107 dost\u0119pno\u015b\u0107 swojej strony internetowej zgodnie z przepisami ustawy z dnia 4\u00a0kwietnia 2019\u00a0r. o\u00a0dost\u0119pno\u015bci cyfrowej stron internetowych i\u00a0aplikacji mobilnych podmiot\u00f3w publicznych. O\u015bwiadczenie w sprawie dost\u0119pno\u015bci ma zastosowanie do strony internetowej <a id=\"a11y-url\" href=\"https:\/\/loswiebodzice.net\">Serwisu Internetowego Liceum Og\u00f3lnokszta\u0142c\u0105cego w \u015awiebodzicach<\/a>.<\/p>\n<ul>\n<li>Data publikacji strony internetowej: <time id=\"a11y-data-publikacja\" datetime=\"2005-09-01\">2005-09-01<\/time><\/li>\n<li>Data ostatniej istotnej aktualizacji: <time id=\"a11y-data-aktualizacja\" datetime=\"2023-09-01\">2023-09-01<\/time><\/li>\n<\/ul>\n<h4>Status pod wzgl\u0119dem zgodno\u015bci z ustaw\u0105<\/h4>\n<p>Strona internetowa jest <strong id=\"a11y-status\">cz\u0119\u015bciowo zgodna<\/strong> z\u00a0ustaw\u0105 o\u00a0dost\u0119pno\u015bci cyfrowej stron internetowych i\u00a0aplikacji mobilnych podmiot\u00f3w publicznych z\u00a0powodu niezgodno\u015bci lub wy\u0142\u0105cze\u0144 wymienionych poni\u017cej.<\/p>\n<h5>Tre\u015bci niedost\u0119pne<\/h5>\n<ul>\n<li>brak tekstu alternatywnego przy niekt\u00f3rych elementach graficznych strony<\/li>\n<li>filmy nie posiadaj\u0105 napis\u00f3w<\/li>\n<\/ul>\n<h5>Przygotowanie deklaracji w sprawie dost\u0119pno\u015bci<\/h5>\n<ul>\n<li>Deklaracj\u0119 sporz\u0105dzono dnia: <time id=\"a11y-data-sporzadzenie\" datetime=\"2022-02-12\">2022-02-12<\/time><\/li>\n<li>Deklaracj\u0119 zosta\u0142a ostatnio poddana przegl\u0105dowi i aktualizacji dnia: <time id=\"a11y-data-deklaracja-przeglad\" datetime=\"2023-09-01\">2023-09-01<\/time><\/li>\n<\/ul>\n<p>Deklaracj\u0119 sporz\u0105dzono na podstawie samooceny.<\/p>\n<h4 id=\"a11y-kontakt\">Informacje zwrotne i dane kontaktowe<\/h4>\n<ul>\n<li>Za rozpatrywanie uwag i wniosk\u00f3w odpowiada: <span id=\"a11y-osoba\">Sekretariat LO \u015awiebodzice<\/span>.<\/li>\n<li>E-mail: <span id=\"a11y-email\">sekretariat@loswiebodzice.net<\/span><\/li>\n<li>Telefon: <span id=\"a11y-telefon\">74 665 09 52<\/span><\/li>\n<\/ul>\n<p id=\"a11y-procedura\">Ka\u017cdy ma prawo:<\/p>\n<ul>\n<li>zg\u0142osi\u0107 uwagi dotycz\u0105ce dost\u0119pno\u015bci cyfrowej strony lub jej elementu,<\/li>\n<li>zg\u0142osi\u0107 \u017c\u0105danie zapewnienia dost\u0119pno\u015bci cyfrowej strony lub jej elementu,<\/li>\n<li>wnioskowa\u0107 o udost\u0119pnienie niedost\u0119pnej informacji w innej alternatywnej formie.<\/li>\n<\/ul>\n<p>\u017b\u0105danie musi zawiera\u0107:<\/p>\n<ul>\n<li>dane kontaktowe osoby zg\u0142aszaj\u0105cej,<\/li>\n<li>wskazanie strony lub elementu strony, kt\u00f3rej dotyczy \u017c\u0105danie,<\/li>\n<li>wskazanie dogodnej formy udost\u0119pnienia informacji, je\u015bli \u017c\u0105danie dotyczy udost\u0119pnienia w formie alternatywnej informacji niedost\u0119pnej.<\/li>\n<\/ul>\n<p>Rozpatrzenie zg\u0142oszenia powinno nast\u0105pi\u0107 niezw\u0142ocznie, najp\u00f3\u017aniej w ci\u0105gu 7 dni. Je\u015bli w tym terminie zapewnienie dost\u0119pno\u015bci albo zapewnienie dost\u0119pu w alternatywnej formie nie jest mo\u017cliwe, powinno nast\u0105pi\u0107 najdalej w ci\u0105gu 2 miesi\u0119cy od daty zg\u0142oszenia.<\/p>\n<h5>Skargi i odwo\u0142ania<\/h5>\n<p>Na niedotrzymanie tych termin\u00f3w oraz na odmow\u0119 realizacji \u017c\u0105dania mo\u017cna z\u0142o\u017cy\u0107 skarg\u0119 do organu nadzoruj\u0105cego poczt\u0105 lub drog\u0105 elektroniczn\u0105 na adres:<\/p>\n<ul>\n<li>Organ nadzoruj\u0105cy: Dyrektor Liceum Og\u00f3lnokszta\u0142c\u0105cego w \u015awiebodzicach<\/li>\n<li>Adres: ul. Marii Sk\u0142odowskiej-Curie 9, 58-160 \u015awiebodzice<\/li>\n<li>E-mail: sekretariat@loswiebodzice.net<\/li>\n<li>Telefon: 74 665 09 52<\/li>\n<\/ul>\n<p>Skarg\u0119 mo\u017cna z\u0142o\u017cy\u0107 r\u00f3wnie\u017c do <a href=\"https:\/\/www.rpo.gov.pl\/content\/jak-zglosic-sie-do-rzecznika-praw-obywatelskich\">Rzecznika Praw Obywatelskich<\/a>.<\/p>\n<h4 id=\"a11y-architektura\">Dost\u0119pno\u015b\u0107 architektoniczna<\/h4>\n<p>Liceum Og\u00f3lnokszta\u0142c\u0105ce w \u015awiebodzicach zlokalizowane jest w 2 budynkach na ul. Marii Sk\u0142odowskiej-Curie 9: budynek A \u2013 g\u0142\u00f3wny budynek szko\u0142y, budynek B \u2013 pracownia chemiczna oraz sala gimnastyczna. Przy budynku A znajduje si\u0119 parking dla pojazd\u00f3w.<\/p>\n<p>Do budynku A prowadz\u0105 2 wej\u015bcia, do budynku B \u2013 jedno wej\u015bcie do pracowni chemicznej i jedno wej\u015bcie do sali gimnastycznej.<\/p>\n<p>Budynki nie s\u0105 przystosowane dla os\u00f3b poruszaj\u0105cych si\u0119 na w\u00f3zkach inwalidzkich \u2013 do wej\u015b\u0107 prowadz\u0105 schody bez podjazd\u00f3w, budynki nie posiadaj\u0105 wind. Budynek A posiada jedn\u0105 toalet\u0119 przystosowan\u0105 dla potrzeb os\u00f3b poruszaj\u0105cych si\u0119 na w\u00f3zkach inwalidzkich.<\/p>\n<p>Do budynk\u00f3w mo\u017cna wej\u015b\u0107 z psem asystuj\u0105cym i psem przewodnikiem. W budynkach szko\u0142y nie ma p\u0119tli indukcyjnych, oznacze\u0144 w alfabecie Braille\u2019a ani oznacze\u0144 kontrastowych lub w druku powi\u0119kszonym dla os\u00f3b niewidomych i s\u0142abo widz\u0105cych, nie ma mo\u017cliwo\u015bci skorzystania z t\u0142umacza j\u0119zyka migowego na miejscu lub online.<\/p>\n","protected":false},"excerpt":{"rendered":"<p>Deklaracja dost\u0119pno\u015bci Serwisu Internetowego Liceum Og\u00f3lnokszta\u0142c\u0105cego w \u015awiebodzicach Liceum Og\u00f3lnokszta\u0142c\u0105ce w \u015awiebodzicach zobowi\u0105zuje si\u0119 zapewni\u0107 dost\u0119pno\u015b\u0107 swojej strony internetowej zgodnie z przepisami ustawy z dnia 4\u00a0kwietnia 2019\u00a0r. o\u00a0dost\u0119pno\u015bci cyfrowej stron internetowych i\u00a0aplikacji mobilnych podmiot\u00f3w&#46;&#46;&#46;<\/p>\n","protected":false},"author":1,"featured_media":0,"parent":0,"menu_order":0,"comment_status":"closed","ping_status":"closed","template":"","meta":{"footnotes":"","_links_to":"","_links_to_target":""},"class_list":["post-8847","page","type-page","status-publish","hentry"],"_links":{"self":[{"href":"https:\/\/loswiebodzice.net\/webn\/index.php?rest_route=\/wp\/v2\/pages\/8847","targetHints":{"allow":["GET"]}}],"collection":[{"href":"https:\/\/loswiebodzice.net\/webn\/index.php?rest_route=\/wp\/v2\/pages"}],"about":[{"href":"https:\/\/loswiebodzice.net\/webn\/index.php?rest_route=\/wp\/v2\/types\/page"}],"author":[{"embeddable":true,"href":"https:\/\/loswiebodzice.net\/webn\/index.php?rest_route=\/wp\/v2\/users\/1"}],"replies":[{"embeddable":true,"href":"https:\/\/loswiebodzice.net\/webn\/index.php?rest_route=%2Fwp%2Fv2%2Fcomments&post=8847"}],"version-history":[{"count":4,"href":"https:\/\/loswiebodzice.net\/webn\/index.php?rest_route=\/wp\/v2\/pages\/8847\/revisions"}],"predecessor-version":[{"id":11017,"href":"https:\/\/loswiebodzice.net\/webn\/index.php?rest_route=\/wp\/v2\/pages\/8847\/revisions\/11017"}],"wp:attachment":[{"href":"https:\/\/loswiebodzice.net\/webn\/index.php?rest_route=%2Fwp%2Fv2%2Fmedia&parent=8847"}],"curies":[{"name":"wp","href":"https:\/\/api.w.org\/{rel}","templated":true}]}}