{"id":9,"date":"2014-10-02T20:30:54","date_gmt":"2014-10-02T18:30:54","guid":{"rendered":"http:\/\/loswiebodzice.net\/webn\/?page_id=9"},"modified":"2025-02-05T20:55:04","modified_gmt":"2025-02-05T19:55:04","slug":"kontakt","status":"publish","type":"page","link":"https:\/\/loswiebodzice.net\/webn\/?page_id=9","title":{"rendered":"Kontakt"},"content":{"rendered":"<p><iframe loading=\"lazy\" style=\"border: 0;\" src=\"https:\/\/www.google.com\/maps\/embed?pb=!1m18!1m12!1m3!1d1259.3937859492007!2d16.321879456623837!3d50.8536178833386!2m3!1f0!2f0!3f0!3m2!1i1024!2i768!4f13.1!3m3!1m2!1s0x470e54a2df333403%3A0xe3dee47347909f01!2zWmVzcMOzxYIgU3prw7PFgiBPZ8OzbG5va3N6dGHFgmPEhWN5Y2g!5e0!3m2!1spl!2spl!4v1412274211608\" width=\"100%\" height=\"350\" frameborder=\"0\"><\/iframe><\/p>\n<table style=\"width: 100%;\">\n<tbody>\n<tr>\n<td style=\"text-align: left;\"><strong>Liceum Og\u00f3lnokszta\u0142c\u0105ce im. Marii Konopnickiej w \u015awiebodzicach<br \/>\n<\/strong>ul. Marii Sk\u0142odowskiej-Curie 9,<br \/>\n58-160 \u015awiebodzice<br \/>\ntel. 74 665 09 52<br \/>\nfax. 74 665 09 53<\/p>\n<p style=\"text-align: left;\">e-mail: sekretariat@loswiebodzice.net<br \/>\nskrzynka ePUAP: <a href=\"https:\/\/epuap.gov.pl\/wps\/myportal\/strefa-klienta\/katalog-spraw\/profil-urzedu\/ZSOSwiebodzice\">https:\/\/epuap.gov.pl\/wps\/myportal\/strefa-klienta\/katalog-spraw\/profil-urzedu\/ZSOSwiebodzice<\/a><\/p>\n<p style=\"text-align: left;\">Adres do e-dor\u0119cze\u0144: AE:PL-39288-15127-CIDDU-18<\/p>\n<p style=\"text-align: left;\">\nKontakt z administracj\u0105 strony internetowej: admin@loswiebodzice.net<\/p>\n<\/td>\n<td><img loading=\"lazy\" decoding=\"async\" class=\"size-full wp-image-5903 alignleft\" src=\"https:\/\/loswiebodzice.net\/webn\/wp-content\/uploads\/2018\/08\/kontaktqr.png\" alt=\"\" width=\"201\" height=\"201\" srcset=\"https:\/\/loswiebodzice.net\/webn\/wp-content\/uploads\/2018\/08\/kontaktqr.png 201w, https:\/\/loswiebodzice.net\/webn\/wp-content\/uploads\/2018\/08\/kontaktqr-150x150.png 150w, https:\/\/loswiebodzice.net\/webn\/wp-content\/uploads\/2018\/08\/kontaktqr-160x160.png 160w\" sizes=\"auto, (max-width: 201px) 100vw, 201px\" \/><a href=\"https:\/\/loswiebodzice.net\/webn\/html\/loswiebodzice\/vcf\"><br \/>\n<\/a><a href=\"https:\/\/loswiebodzice.net\/webn\/html\/loswiebodzice.vcf\"><img loading=\"lazy\" decoding=\"async\" class=\"alignleft wp-image-5904 size-full\" src=\"https:\/\/loswiebodzice.net\/webn\/wp-content\/uploads\/2018\/08\/wizytowka.png\" alt=\"wizytowka\" width=\"201\" height=\"47\" \/><\/a><\/td>\n<\/tr>\n<\/tbody>\n<\/table>\n","protected":false},"excerpt":{"rendered":"<p>Liceum Og\u00f3lnokszta\u0142c\u0105ce im. Marii Konopnickiej w \u015awiebodzicach ul. Marii Sk\u0142odowskiej-Curie 9, 58-160 \u015awiebodzice tel. 74 665 09 52 fax. 74 665 09 53 e-mail: sekretariat@loswiebodzice.net skrzynka ePUAP: https:\/\/epuap.gov.pl\/wps\/myportal\/strefa-klienta\/katalog-spraw\/profil-urzedu\/ZSOSwiebodzice Adres do e-dor\u0119cze\u0144: AE:PL-39288-15127-CIDDU-18 Kontakt z&#46;&#46;&#46;<\/p>\n","protected":false},"author":1,"featured_media":0,"parent":0,"menu_order":0,"comment_status":"closed","ping_status":"closed","template":"","meta":{"footnotes":"","_links_to":"","_links_to_target":""},"class_list":["post-9","page","type-page","status-publish","hentry"],"_links":{"self":[{"href":"https:\/\/loswiebodzice.net\/webn\/index.php?rest_route=\/wp\/v2\/pages\/9","targetHints":{"allow":["GET"]}}],"collection":[{"href":"https:\/\/loswiebodzice.net\/webn\/index.php?rest_route=\/wp\/v2\/pages"}],"about":[{"href":"https:\/\/loswiebodzice.net\/webn\/index.php?rest_route=\/wp\/v2\/types\/page"}],"author":[{"embeddable":true,"href":"https:\/\/loswiebodzice.net\/webn\/index.php?rest_route=\/wp\/v2\/users\/1"}],"replies":[{"embeddable":true,"href":"https:\/\/loswiebodzice.net\/webn\/index.php?rest_route=%2Fwp%2Fv2%2Fcomments&post=9"}],"version-history":[{"count":18,"href":"https:\/\/loswiebodzice.net\/webn\/index.php?rest_route=\/wp\/v2\/pages\/9\/revisions"}],"predecessor-version":[{"id":12691,"href":"https:\/\/loswiebodzice.net\/webn\/index.php?rest_route=\/wp\/v2\/pages\/9\/revisions\/12691"}],"wp:attachment":[{"href":"https:\/\/loswiebodzice.net\/webn\/index.php?rest_route=%2Fwp%2Fv2%2Fmedia&parent=9"}],"curies":[{"name":"wp","href":"https:\/\/api.w.org\/{rel}","templated":true}]}}